{"id":5622,"date":"2025-06-28T14:35:30","date_gmt":"2025-06-28T12:35:30","guid":{"rendered":"https:\/\/granfondolivigno.eu\/?page_id=5622"},"modified":"2025-06-28T14:50:46","modified_gmt":"2025-06-28T12:50:46","slug":"elementor-5622","status":"publish","type":"page","link":"https:\/\/granfondolivigno.eu\/en\/elementor-5622\/","title":{"rendered":"Rankings"},"content":{"rendered":"\t\t<div data-elementor-type=\"wp-post\" data-elementor-id=\"5622\" class=\"elementor elementor-5622 elementor-5612\" data-elementor-post-type=\"page\">\n\t\t\t\t<div class=\"elementor-element elementor-element-464378c8 e-con-full hero-interne-mobile e-flex e-con e-parent\" data-id=\"464378c8\" data-element_type=\"container\">\n\t\t<div class=\"elementor-element elementor-element-58a0c37d internal-hero e-flex e-con-boxed e-con e-child\" data-id=\"58a0c37d\" data-element_type=\"container\" data-settings=\"{&quot;background_background&quot;:&quot;classic&quot;}\">\n\t\t\t\t\t<div class=\"e-con-inner\">\n\t\t<div class=\"elementor-element elementor-element-104cdbd7 e-con-full e-flex e-con e-child\" data-id=\"104cdbd7\" data-element_type=\"container\">\n\t\t\t\t<div class=\"elementor-element elementor-element-662db511 elementor-widget__width-inherit elementor-widget elementor-widget-custom_breadcrumb\" data-id=\"662db511\" data-element_type=\"widget\" data-widget_type=\"custom_breadcrumb.default\">\n\t\t\t\t<div class=\"elementor-widget-container\">\n\t\t\t\t\t<nav aria-label=\"breadcrumb\"><ul class=\"breadcrumb\"><li class=\"breadcrumb-item\"><a href=\"https:\/\/granfondolivigno.eu\/en\/\">Home<\/a><\/li><li class=\"breadcrumb-item\">Race<\/li><\/ul><\/nav>\t\t\t\t<\/div>\n\t\t\t\t<\/div>\n\t\t\t\t<\/div>\n\t\t\t\t\t<\/div>\n\t\t\t\t<\/div>\n\t\t<div class=\"elementor-element elementor-element-fbba04a animated-slow e-flex e-con-boxed elementor-invisible e-con e-child\" data-id=\"fbba04a\" data-element_type=\"container\" id=\"content\" data-settings=\"{&quot;animation&quot;:&quot;fadeInUp&quot;}\">\n\t\t\t\t\t<div class=\"e-con-inner\">\n\t\t\t\t<div class=\"elementor-element elementor-element-666093e2 animated-slow elementor-widget elementor-widget-heading\" data-id=\"666093e2\" data-element_type=\"widget\" data-settings=\"{&quot;_animation&quot;:&quot;none&quot;}\" data-widget_type=\"heading.default\">\n\t\t\t\t<div class=\"elementor-widget-container\">\n\t\t\t\t\t<h1 class=\"elementor-heading-title elementor-size-default\">Granfondo Livigno Al\u00e9 Results<\/h1>\t\t\t\t<\/div>\n\t\t\t\t<\/div>\n\t\t\t\t\t<\/div>\n\t\t\t\t<\/div>\n\t\t\t\t<\/div>\n\t\t<div class=\"elementor-element elementor-element-4ea83e58 animated-slow e-flex e-con-boxed elementor-invisible e-con e-parent\" data-id=\"4ea83e58\" data-element_type=\"container\" data-settings=\"{&quot;animation&quot;:&quot;fadeInUp&quot;,&quot;animation_delay&quot;:500}\">\n\t\t\t\t\t<div class=\"e-con-inner\">\n\t\t<div class=\"elementor-element elementor-element-359cc50d e-con-full e-flex e-con e-child\" data-id=\"359cc50d\" data-element_type=\"container\" data-settings=\"{&quot;background_background&quot;:&quot;classic&quot;}\">\n\t\t\t\t<div class=\"elementor-element elementor-element-41c6263 elementor-widget elementor-widget-text-editor\" data-id=\"41c6263\" data-element_type=\"widget\" data-widget_type=\"text-editor.default\">\n\t\t\t\t<div class=\"elementor-widget-container\">\n\t\t\t\t\t\t\t\t\t<p>Check out the full results of the 2025 edition of the Granfondo Livigno Al\u00e9!<\/p>\t\t\t\t\t\t\t\t<\/div>\n\t\t\t\t<\/div>\n\t\t\t\t<\/div>\n\t\t\t\t\t<\/div>\n\t\t\t\t<\/div>\n\t\t<div class=\"elementor-element elementor-element-e6b0f75 animated-slow e-flex e-con-boxed elementor-invisible e-con e-parent\" data-id=\"e6b0f75\" data-element_type=\"container\" data-settings=\"{&quot;animation&quot;:&quot;fadeIn&quot;}\">\n\t\t\t\t\t<div class=\"e-con-inner\">\n\t\t<div class=\"elementor-element elementor-element-acb6094 e-con-full e-flex elementor-invisible e-con e-child\" data-id=\"acb6094\" data-element_type=\"container\" data-settings=\"{&quot;animation&quot;:&quot;fadeInUp&quot;}\">\n\t\t\t\t<div class=\"elementor-element elementor-element-5293203 elementor-widget elementor-widget-custom_button\" data-id=\"5293203\" data-element_type=\"widget\" data-widget_type=\"custom_button.default\">\n\t\t\t\t<div class=\"elementor-widget-container\">\n\t\t\t\t\t<div class=\"custom-button-wrapper elementor-button-content-wrapper\"><a class=\"custom-button elementor-button elementor-button-link elementor-size-sm\" href=\"https:\/\/www.endu.net\/it\/events\/granfondo-livigno\/results\" target=\"_blank\" aria-label=\" (open in a new window)\"><span class=\"elementor-button-icon\"><svg aria-hidden=\"true\" class=\"e-font-icon-svg e-fas-link\" viewBox=\"0 0 512 512\" xmlns=\"http:\/\/www.w3.org\/2000\/svg\"><path d=\"M326.612 185.391c59.747 59.809 58.927 155.698.36 214.59-.11.12-.24.25-.36.37l-67.2 67.2c-59.27 59.27-155.699 59.262-214.96 0-59.27-59.26-59.27-155.7 0-214.96l37.106-37.106c9.84-9.84 26.786-3.3 27.294 10.606.648 17.722 3.826 35.527 9.69 52.721 1.986 5.822.567 12.262-3.783 16.612l-13.087 13.087c-28.026 28.026-28.905 73.66-1.155 101.96 28.024 28.579 74.086 28.749 102.325.51l67.2-67.19c28.191-28.191 28.073-73.757 0-101.83-3.701-3.694-7.429-6.564-10.341-8.569a16.037 16.037 0 0 1-6.947-12.606c-.396-10.567 3.348-21.456 11.698-29.806l21.054-21.055c5.521-5.521 14.182-6.199 20.584-1.731a152.482 152.482 0 0 1 20.522 17.197zM467.547 44.449c-59.261-59.262-155.69-59.27-214.96 0l-67.2 67.2c-.12.12-.25.25-.36.37-58.566 58.892-59.387 154.781.36 214.59a152.454 152.454 0 0 0 20.521 17.196c6.402 4.468 15.064 3.789 20.584-1.731l21.054-21.055c8.35-8.35 12.094-19.239 11.698-29.806a16.037 16.037 0 0 0-6.947-12.606c-2.912-2.005-6.64-4.875-10.341-8.569-28.073-28.073-28.191-73.639 0-101.83l67.2-67.19c28.239-28.239 74.3-28.069 102.325.51 27.75 28.3 26.872 73.934-1.155 101.96l-13.087 13.087c-4.35 4.35-5.769 10.79-3.783 16.612 5.864 17.194 9.042 34.999 9.69 52.721.509 13.906 17.454 20.446 27.294 10.606l37.106-37.106c59.271-59.259 59.271-155.699.001-214.959z\"><\/path><\/svg><\/span><span class=\"elementor-button-text\" style=\"margin-left: 10px;\">RANKINGS MEDIOFONDO 2025<\/span><\/a><\/div>\t\t\t\t<\/div>\n\t\t\t\t<\/div>\n\t\t\t\t<\/div>\n\t\t\t\t\t<\/div>\n\t\t\t\t<\/div>\n\t\t<div class=\"elementor-element elementor-element-3030d45a pre-footer bg-logo e-flex e-con-boxed e-con e-parent\" data-id=\"3030d45a\" data-element_type=\"container\" data-settings=\"{&quot;background_background&quot;:&quot;classic&quot;}\">\n\t\t\t\t\t<div class=\"e-con-inner\">\n\t\t<div class=\"elementor-element elementor-element-4ca92d8b e-con-full e-flex e-con e-child\" data-id=\"4ca92d8b\" data-element_type=\"container\">\n\t\t\t\t<div class=\"elementor-element elementor-element-4417af81 elementor-widget elementor-widget-heading\" data-id=\"4417af81\" data-element_type=\"widget\" data-widget_type=\"heading.default\">\n\t\t\t\t<div class=\"elementor-widget-container\">\n\t\t\t\t\t<h2 class=\"elementor-heading-title elementor-size-default\">Pronto a vivere un\u2019avventura straordinaria?<\/h2>\t\t\t\t<\/div>\n\t\t\t\t<\/div>\n\t\t\t\t<div class=\"elementor-element elementor-element-6267e3d3 elementor-widget elementor-widget-heading\" data-id=\"6267e3d3\" data-element_type=\"widget\" data-widget_type=\"heading.default\">\n\t\t\t\t<div class=\"elementor-widget-container\">\n\t\t\t\t\t<p class=\"elementor-heading-title elementor-size-default\">Affronta le salite pi\u00f9 leggendarie e regalati un\u2019esperienza indimenticabile.<\/p>\t\t\t\t<\/div>\n\t\t\t\t<\/div>\n\t\t\t\t<\/div>\n\t\t\t\t<div class=\"elementor-element elementor-element-5b238213 elementor-widget elementor-widget-custom_button\" data-id=\"5b238213\" data-element_type=\"widget\" data-widget_type=\"custom_button.default\">\n\t\t\t\t<div class=\"elementor-widget-container\">\n\t\t\t\t\t<div class=\"custom-button-wrapper elementor-button-content-wrapper\"><a class=\"custom-button elementor-button elementor-button-link elementor-size-sm\" aria-label=\"Iscriviti ora alla Granfondo  (open in a new window)\" href=\"https:\/\/join.endu.net\/entry?edition=93783\" target=\"_blank\"><span class=\"elementor-button-text\">Iscriviti ora alla Granfondo<\/span><\/a><\/div>\t\t\t\t<\/div>\n\t\t\t\t<\/div>\n\t\t\t\t\t<\/div>\n\t\t\t\t<\/div>\n\t\t\t\t<\/div>\n\t\t","protected":false},"excerpt":{"rendered":"<p>Home Race Granfondo Livigno Al\u00e9 Results Check out the full results of the 2025 edition of the Granfondo Livigno Al\u00e9! RANKINGS MEDIOFONDO 2025 Pronto a vivere un\u2019avventura straordinaria? Affronta le salite pi\u00f9 leggendarie e regalati un\u2019esperienza indimenticabile. Iscriviti ora alla Granfondo<\/p>\n","protected":false},"author":2,"featured_media":0,"parent":0,"menu_order":0,"comment_status":"closed","ping_status":"closed","template":"","meta":{"footnotes":""},"class_list":["post-5622","page","type-page","status-publish","hentry"],"yoast_head":"<!-- This site is optimized with the Yoast SEO plugin v24.8.1 - https:\/\/yoast.com\/wordpress\/plugins\/seo\/ -->\n<title>Rankings - Granfondo Livigno Al\u00e8<\/title>\n<meta name=\"robots\" content=\"index, follow, max-snippet:-1, max-image-preview:large, max-video-preview:-1\" \/>\n<link rel=\"canonical\" href=\"https:\/\/granfondolivigno.eu\/en\/elementor-5622\/\" \/>\n<meta property=\"og:locale\" content=\"en_US\" \/>\n<meta property=\"og:type\" content=\"article\" \/>\n<meta property=\"og:title\" content=\"Rankings - Granfondo Livigno Al\u00e8\" \/>\n<meta property=\"og:description\" content=\"Home Race Granfondo Livigno Al\u00e9 Results Check out the full results of the 2025 edition of the Granfondo Livigno Al\u00e9! RANKINGS MEDIOFONDO 2025 Pronto a vivere un\u2019avventura straordinaria? Affronta le salite pi\u00f9 leggendarie e regalati un\u2019esperienza indimenticabile. Iscriviti ora alla Granfondo\" \/>\n<meta property=\"og:url\" content=\"https:\/\/granfondolivigno.eu\/en\/elementor-5622\/\" \/>\n<meta property=\"og:site_name\" content=\"Granfondo Livigno Al\u00e8\" \/>\n<meta property=\"article:modified_time\" content=\"2025-06-28T12:50:46+00:00\" \/>\n<meta name=\"twitter:card\" content=\"summary_large_image\" \/>\n<meta name=\"twitter:label1\" content=\"Est. reading time\" \/>\n\t<meta name=\"twitter:data1\" content=\"1 minute\" \/>\n<script type=\"application\/ld+json\" class=\"yoast-schema-graph\">{\"@context\":\"https:\/\/schema.org\",\"@graph\":[{\"@type\":\"WebPage\",\"@id\":\"https:\/\/granfondolivigno.eu\/en\/elementor-5622\/\",\"url\":\"https:\/\/granfondolivigno.eu\/en\/elementor-5622\/\",\"name\":\"Rankings - Granfondo Livigno Al\u00e8\",\"isPartOf\":{\"@id\":\"https:\/\/granfondolivigno.eu\/en\/#website\"},\"datePublished\":\"2025-06-28T12:35:30+00:00\",\"dateModified\":\"2025-06-28T12:50:46+00:00\",\"breadcrumb\":{\"@id\":\"https:\/\/granfondolivigno.eu\/en\/elementor-5622\/#breadcrumb\"},\"inLanguage\":\"en-US\",\"potentialAction\":[{\"@type\":\"ReadAction\",\"target\":[\"https:\/\/granfondolivigno.eu\/en\/elementor-5622\/\"]}]},{\"@type\":\"BreadcrumbList\",\"@id\":\"https:\/\/granfondolivigno.eu\/en\/elementor-5622\/#breadcrumb\",\"itemListElement\":[{\"@type\":\"ListItem\",\"position\":1,\"name\":\"Home\",\"item\":\"https:\/\/granfondolivigno.eu\/en\/\"},{\"@type\":\"ListItem\",\"position\":2,\"name\":\"Rankings\"}]},{\"@type\":\"WebSite\",\"@id\":\"https:\/\/granfondolivigno.eu\/en\/#website\",\"url\":\"https:\/\/granfondolivigno.eu\/en\/\",\"name\":\"Granfondo Livigno Al\u00e8\",\"description\":\"\",\"publisher\":{\"@id\":\"https:\/\/granfondolivigno.eu\/en\/#organization\"},\"potentialAction\":[{\"@type\":\"SearchAction\",\"target\":{\"@type\":\"EntryPoint\",\"urlTemplate\":\"https:\/\/granfondolivigno.eu\/en\/?s={search_term_string}\"},\"query-input\":{\"@type\":\"PropertyValueSpecification\",\"valueRequired\":true,\"valueName\":\"search_term_string\"}}],\"inLanguage\":\"en-US\"},{\"@type\":\"Organization\",\"@id\":\"https:\/\/granfondolivigno.eu\/en\/#organization\",\"name\":\"Granfondo Livigno Al\u00e8\",\"url\":\"https:\/\/granfondolivigno.eu\/en\/\",\"logo\":{\"@type\":\"ImageObject\",\"inLanguage\":\"en-US\",\"@id\":\"https:\/\/granfondolivigno.eu\/en\/#\/schema\/logo\/image\/\",\"url\":\"https:\/\/granfondolivigno.eu\/wp-content\/uploads\/2025\/04\/Granfondo_logo_ivory_h60.png\",\"contentUrl\":\"https:\/\/granfondolivigno.eu\/wp-content\/uploads\/2025\/04\/Granfondo_logo_ivory_h60.png\",\"width\":87,\"height\":60,\"caption\":\"Granfondo Livigno Al\u00e8\"},\"image\":{\"@id\":\"https:\/\/granfondolivigno.eu\/en\/#\/schema\/logo\/image\/\"}}]}<\/script>\n<!-- \/ Yoast SEO plugin. -->","yoast_head_json":{"title":"Rankings - Granfondo Livigno Al\u00e8","robots":{"index":"index","follow":"follow","max-snippet":"max-snippet:-1","max-image-preview":"max-image-preview:large","max-video-preview":"max-video-preview:-1"},"canonical":"https:\/\/granfondolivigno.eu\/en\/elementor-5622\/","og_locale":"en_US","og_type":"article","og_title":"Rankings - Granfondo Livigno Al\u00e8","og_description":"Home Race Granfondo Livigno Al\u00e9 Results Check out the full results of the 2025 edition of the Granfondo Livigno Al\u00e9! RANKINGS MEDIOFONDO 2025 Pronto a vivere un\u2019avventura straordinaria? Affronta le salite pi\u00f9 leggendarie e regalati un\u2019esperienza indimenticabile. Iscriviti ora alla Granfondo","og_url":"https:\/\/granfondolivigno.eu\/en\/elementor-5622\/","og_site_name":"Granfondo Livigno Al\u00e8","article_modified_time":"2025-06-28T12:50:46+00:00","twitter_card":"summary_large_image","twitter_misc":{"Est. reading time":"1 minute"},"schema":{"@context":"https:\/\/schema.org","@graph":[{"@type":"WebPage","@id":"https:\/\/granfondolivigno.eu\/en\/elementor-5622\/","url":"https:\/\/granfondolivigno.eu\/en\/elementor-5622\/","name":"Rankings - Granfondo Livigno Al\u00e8","isPartOf":{"@id":"https:\/\/granfondolivigno.eu\/en\/#website"},"datePublished":"2025-06-28T12:35:30+00:00","dateModified":"2025-06-28T12:50:46+00:00","breadcrumb":{"@id":"https:\/\/granfondolivigno.eu\/en\/elementor-5622\/#breadcrumb"},"inLanguage":"en-US","potentialAction":[{"@type":"ReadAction","target":["https:\/\/granfondolivigno.eu\/en\/elementor-5622\/"]}]},{"@type":"BreadcrumbList","@id":"https:\/\/granfondolivigno.eu\/en\/elementor-5622\/#breadcrumb","itemListElement":[{"@type":"ListItem","position":1,"name":"Home","item":"https:\/\/granfondolivigno.eu\/en\/"},{"@type":"ListItem","position":2,"name":"Rankings"}]},{"@type":"WebSite","@id":"https:\/\/granfondolivigno.eu\/en\/#website","url":"https:\/\/granfondolivigno.eu\/en\/","name":"Granfondo Livigno Al\u00e8","description":"","publisher":{"@id":"https:\/\/granfondolivigno.eu\/en\/#organization"},"potentialAction":[{"@type":"SearchAction","target":{"@type":"EntryPoint","urlTemplate":"https:\/\/granfondolivigno.eu\/en\/?s={search_term_string}"},"query-input":{"@type":"PropertyValueSpecification","valueRequired":true,"valueName":"search_term_string"}}],"inLanguage":"en-US"},{"@type":"Organization","@id":"https:\/\/granfondolivigno.eu\/en\/#organization","name":"Granfondo Livigno Al\u00e8","url":"https:\/\/granfondolivigno.eu\/en\/","logo":{"@type":"ImageObject","inLanguage":"en-US","@id":"https:\/\/granfondolivigno.eu\/en\/#\/schema\/logo\/image\/","url":"https:\/\/granfondolivigno.eu\/wp-content\/uploads\/2025\/04\/Granfondo_logo_ivory_h60.png","contentUrl":"https:\/\/granfondolivigno.eu\/wp-content\/uploads\/2025\/04\/Granfondo_logo_ivory_h60.png","width":87,"height":60,"caption":"Granfondo Livigno Al\u00e8"},"image":{"@id":"https:\/\/granfondolivigno.eu\/en\/#\/schema\/logo\/image\/"}}]}},"_links":{"self":[{"href":"https:\/\/granfondolivigno.eu\/en\/wp-json\/wp\/v2\/pages\/5622","targetHints":{"allow":["GET"]}}],"collection":[{"href":"https:\/\/granfondolivigno.eu\/en\/wp-json\/wp\/v2\/pages"}],"about":[{"href":"https:\/\/granfondolivigno.eu\/en\/wp-json\/wp\/v2\/types\/page"}],"author":[{"embeddable":true,"href":"https:\/\/granfondolivigno.eu\/en\/wp-json\/wp\/v2\/users\/2"}],"replies":[{"embeddable":true,"href":"https:\/\/granfondolivigno.eu\/en\/wp-json\/wp\/v2\/comments?post=5622"}],"version-history":[{"count":11,"href":"https:\/\/granfondolivigno.eu\/en\/wp-json\/wp\/v2\/pages\/5622\/revisions"}],"predecessor-version":[{"id":5634,"href":"https:\/\/granfondolivigno.eu\/en\/wp-json\/wp\/v2\/pages\/5622\/revisions\/5634"}],"wp:attachment":[{"href":"https:\/\/granfondolivigno.eu\/en\/wp-json\/wp\/v2\/media?parent=5622"}],"curies":[{"name":"wp","href":"https:\/\/api.w.org\/{rel}","templated":true}]}}